{"id":151,"date":"2023-07-18T13:16:59","date_gmt":"2023-07-18T13:16:59","guid":{"rendered":"https:\/\/janiser.net\/?page_id=151"},"modified":"2025-07-04T14:34:29","modified_gmt":"2025-07-04T14:34:29","slug":"ueber-uns","status":"publish","type":"page","link":"https:\/\/janiser.net\/en\/ueber-uns\/","title":{"rendered":"\u00dcber Janiser\u00ae"},"content":{"rendered":"<div data-elementor-type=\"wp-page\" data-elementor-id=\"151\" class=\"elementor elementor-151\">\n\t\t\t\t\t\t<section class=\"elementor-section elementor-top-section elementor-element elementor-element-b77847e elementor-section-full_width elementor-section-height-min-height elementor-section-height-default elementor-section-items-middle\" data-id=\"b77847e\" data-element_type=\"section\" data-e-type=\"section\" data-settings=\"{&quot;background_background&quot;:&quot;classic&quot;}\">\n\t\t\t\t\t\t<div class=\"elementor-container elementor-column-gap-no\">\n\t\t\t\t\t<div class=\"elementor-column elementor-col-100 elementor-top-column elementor-element elementor-element-d7a3cad\" data-id=\"d7a3cad\" data-element_type=\"column\" data-e-type=\"column\">\n\t\t\t<div class=\"elementor-widget-wrap elementor-element-populated\">\n\t\t\t\t\t\t<div class=\"elementor-element elementor-element-7bfa563 elementor-widget elementor-widget-heading\" data-id=\"7bfa563\" data-element_type=\"widget\" data-e-type=\"widget\" data-widget_type=\"heading.default\">\n\t\t\t\t<div class=\"elementor-widget-container\">\n\t\t\t\t\t<h1 class=\"elementor-heading-title elementor-size-default translation-block\">ABOUT<br>JANISER\u00ae<\/h1>\t\t\t\t<\/div>\n\t\t\t\t<\/div>\n\t\t\t\t\t<\/div>\n\t\t<\/div>\n\t\t\t\t\t<\/div>\n\t\t<\/section>\n\t\t\t\t<section class=\"elementor-section elementor-top-section elementor-element elementor-element-cd570a6 elementor-section-full_width elementor-section-height-default elementor-section-height-default\" data-id=\"cd570a6\" data-element_type=\"section\" data-e-type=\"section\">\n\t\t\t\t\t\t<div class=\"elementor-container elementor-column-gap-default\">\n\t\t\t\t\t<div class=\"elementor-column elementor-col-100 elementor-top-column elementor-element elementor-element-c9ae365\" data-id=\"c9ae365\" data-element_type=\"column\" data-e-type=\"column\">\n\t\t\t<div class=\"elementor-widget-wrap elementor-element-populated\">\n\t\t\t\t\t\t<section class=\"elementor-section elementor-inner-section elementor-element elementor-element-aa7653c elementor-section-full_width elementor-section-height-default elementor-section-height-default\" data-id=\"aa7653c\" data-element_type=\"section\" data-e-type=\"section\">\n\t\t\t\t\t\t<div class=\"elementor-container elementor-column-gap-narrow\">\n\t\t\t\t\t<div class=\"elementor-column elementor-col-100 elementor-inner-column elementor-element elementor-element-48b25d1\" data-id=\"48b25d1\" data-element_type=\"column\" data-e-type=\"column\">\n\t\t\t<div class=\"elementor-widget-wrap elementor-element-populated\">\n\t\t\t\t\t\t<div class=\"elementor-element elementor-element-b049587 elementor-widget elementor-widget-text-editor\" data-id=\"b049587\" data-element_type=\"widget\" data-e-type=\"widget\" data-widget_type=\"text-editor.default\">\n\t\t\t\t<div class=\"elementor-widget-container\">\n\t\t\t\t\t\t\t\t\t<p>ANTIBIOTICS: Together, \"anti\" and \"bios\" (ancient Greek) make up the word \"antibiotics,\" which can be translated literally as \"against life\" or \"against living organisms.\" This reflects the ability of antibiotics to inhibit the growth or multiplication of bacteria or or to kill them.<\/p>\t\t\t\t\t\t\t\t<\/div>\n\t\t\t\t<\/div>\n\t\t\t\t<div class=\"elementor-element elementor-element-d15530a elementor-widget elementor-widget-text-editor\" data-id=\"d15530a\" data-element_type=\"widget\" data-e-type=\"widget\" data-widget_type=\"text-editor.default\">\n\t\t\t\t<div class=\"elementor-widget-container\">\n\t\t\t\t\t\t\t\t\t<div id=\"lipsum\"><blockquote><p><span style=\"color: #5b755b;\"><em><span style=\"font-weight: 400;\">\"In summary, our study showed that antibiotic exposure, number of antibiotic administrations, timing of exposure, and specific antibiotic classes were associated with risk for eight major chronic childhood diseases.<\/span><\/em><\/span><\/p><p><span style=\"color: #5b755b;\"><em><span style=\"font-weight: 400;\">I've shown you that antibiotics have long-term effects on metabolism and immunity, that the effects are due to disruption of the microbiome, and that other factors of modern life also contribute to the potential for the effects to be passed on to the next generation, and that it's imperative that we find and implement solutions to this problem.\"<\/span><\/em><\/span><\/p><\/blockquote><p style=\"text-align: right;\"><span style=\"color: #5b755b;\">Professor Dr. Martin Blaser, <a href=\"https:\/\/www.youtube.com\/watch?v=yKE84LUclz4&amp;list=PLaOCJq14BcgFLSGH8dJQzr5ghW_2RBtpj&amp;index=3\"><span style=\"text-decoration: underline;\"><strong>2021<\/strong><\/span><\/a><\/span><\/p><\/div>\t\t\t\t\t\t\t\t<\/div>\n\t\t\t\t<\/div>\n\t\t\t\t<div class=\"elementor-element elementor-element-1c8e8bf elementor-widget elementor-widget-text-editor\" data-id=\"1c8e8bf\" data-element_type=\"widget\" data-e-type=\"widget\" data-widget_type=\"text-editor.default\">\n\t\t\t\t<div class=\"elementor-widget-container\">\n\t\t\t\t\t\t\t\t\t<p class=\"p1\">PROBIOTICS: Together, \"pro\" (Latin) and \"bios\" (ancient Greek) make up the word \"probiotics,\" which can be literally translated as \"for life\" or \"for living organisms.\" This reflects the idea that probiotics are living microorganisms that support the body in a positive way, regulating the health and balance of the intestinal flora and thus promoting overall human well-being.<\/p>\t\t\t\t\t\t\t\t<\/div>\n\t\t\t\t<\/div>\n\t\t\t\t<div class=\"elementor-element elementor-element-017daad elementor-widget elementor-widget-text-editor\" data-id=\"017daad\" data-element_type=\"widget\" data-e-type=\"widget\" data-widget_type=\"text-editor.default\">\n\t\t\t\t<div class=\"elementor-widget-container\">\n\t\t\t\t\t\t\t\t\t<p><span style=\"font-weight: 400; font-size: 10pt;\">Many indigenous tribes in South America incorporate legumes, vegetables, fruits and herbs into their diets. They prepare them in tinctures and juices in a way in which they ideally complement each other. Behind this is a knowledge passed on from mouth to ear about the existence of the plant's own substances. For many indigenous peoples, these are the expression of the pure life force of Mother Earth, the Pacha Mama. They honor plants that carry probiotic microorganisms and promote good digestion, just as the rest of the world values gold, silver or diamonds.\u00a0<\/span><\/p><p><span style=\"font-weight: 400; font-size: 10pt;\">Without knowing it, they probably developed the first functional organic drinks in the world. They always blended herbal extracts from plants, fruits, vegetables and legumes. <\/span><\/p><p><span style=\"font-weight: 400; font-size: 10pt;\">The special thing in all these plant juices: they were produced in harmony with nature.<\/span><\/p><p><span style=\"font-weight: 400; font-size: 10pt;\">Because they wisely combine probiotic plant fibers and live microorganisms that contain probiotic bacilli. Just as indigenous people believe in the eternal power of nature, the eternal transformation and transformation of all life, they attach immeasurable importance to the human gut. <\/span><\/p><p><span style=\"font-weight: 400; font-size: 10pt;\">For them, the digestive tract is the cradle of human life, because in it man digests all that happens to him, what he experiences, what he feels, hears, sees and speaks. Thus, for many primitive peoples, environment is not something distant outside of man. No, man himself is his environment. The ancient principles of the wise aborigines therefore advise people to bring their inner universe into balance. The intestine is part of this inner universe and it is necessary to keep the intestinal flora in balance.\u00a0<\/span><\/p><p style=\"text-align: center;\"><span style=\"font-weight: 400;\">Since 2014 in Colombia, since 2023 also in Germany, Austria and Switzerland<\/span><\/p>\t\t\t\t\t\t\t\t<\/div>\n\t\t\t\t<\/div>\n\t\t\t\t\t<\/div>\n\t\t<\/div>\n\t\t\t\t\t<\/div>\n\t\t<\/section>\n\t\t\t\t\t<\/div>\n\t\t<\/div>\n\t\t\t\t\t<\/div>\n\t\t<\/section>\n\t\t\t\t<section class=\"elementor-section elementor-top-section elementor-element elementor-element-8bbb371 elementor-section-full_width elementor-section-height-min-height animated-slow elementor-section-height-default elementor-section-items-middle elementor-invisible\" data-id=\"8bbb371\" data-element_type=\"section\" data-e-type=\"section\" data-settings=\"{&quot;background_background&quot;:&quot;classic&quot;,&quot;animation&quot;:&quot;fadeIn&quot;}\">\n\t\t\t\t\t\t<div class=\"elementor-container elementor-column-gap-default\">\n\t\t\t\t\t<div class=\"elementor-column elementor-col-100 elementor-top-column elementor-element elementor-element-a27f883\" data-id=\"a27f883\" data-element_type=\"column\" data-e-type=\"column\">\n\t\t\t<div class=\"elementor-widget-wrap\">\n\t\t\t\t\t\t\t<\/div>\n\t\t<\/div>\n\t\t\t\t\t<\/div>\n\t\t<\/section>\n\t\t\t\t<\/div>","protected":false},"excerpt":{"rendered":"<p>\u00dcBERJANISER\u00ae ANTIBIOTIKA: Zusammen ergeben &#8222;anti&#8220; und &#8222;bios&#8220; (altgriech.) das Wort &#8222;Antibiotika&#8220;, das w\u00f6rtlich als &#8222;gegen das Leben&#8220; oder &#8222;gegen lebende Organismen&#8220; \u00fcbersetzt werden kann. Dies spiegelt die F\u00e4higkeit der Antibiotika wider, das Wachstum oder die Vermehrung von Bakterien zu hemmen oder oder sie abzut\u00f6ten. \u201cZusammenfassend hat unsere Studie gezeigt, dass die Antibiotika-Exposition, die Anzahl der [&hellip;]<\/p>\n","protected":false},"author":1,"featured_media":0,"parent":0,"menu_order":0,"comment_status":"closed","ping_status":"closed","template":"","meta":{"site-sidebar-layout":"default","site-content-layout":"","ast-site-content-layout":"default","site-content-style":"default","site-sidebar-style":"default","ast-global-header-display":"","ast-banner-title-visibility":"","ast-main-header-display":"","ast-hfb-above-header-display":"","ast-hfb-below-header-display":"","ast-hfb-mobile-header-display":"","site-post-title":"disabled","ast-breadcrumbs-content":"","ast-featured-img":"","footer-sml-layout":"","ast-disable-related-posts":"","theme-transparent-header-meta":"","adv-header-id-meta":"","stick-header-meta":"","header-above-stick-meta":"","header-main-stick-meta":"","header-below-stick-meta":"","astra-migrate-meta-layouts":"default","ast-page-background-enabled":"default","ast-page-background-meta":{"desktop":{"background-color":"var(--ast-global-color-4)","background-image":"","background-repeat":"repeat","background-position":"center center","background-size":"auto","background-attachment":"scroll","background-type":"","background-media":"","overlay-type":"","overlay-color":"","overlay-opacity":"","overlay-gradient":""},"tablet":{"background-color":"","background-image":"","background-repeat":"repeat","background-position":"center center","background-size":"auto","background-attachment":"scroll","background-type":"","background-media":"","overlay-type":"","overlay-color":"","overlay-opacity":"","overlay-gradient":""},"mobile":{"background-color":"","background-image":"","background-repeat":"repeat","background-position":"center center","background-size":"auto","background-attachment":"scroll","background-type":"","background-media":"","overlay-type":"","overlay-color":"","overlay-opacity":"","overlay-gradient":""}},"ast-content-background-meta":{"desktop":{"background-color":"var(--ast-global-color-5)","background-image":"","background-repeat":"repeat","background-position":"center center","background-size":"auto","background-attachment":"scroll","background-type":"","background-media":"","overlay-type":"","overlay-color":"","overlay-opacity":"","overlay-gradient":""},"tablet":{"background-color":"var(--ast-global-color-5)","background-image":"","background-repeat":"repeat","background-position":"center center","background-size":"auto","background-attachment":"scroll","background-type":"","background-media":"","overlay-type":"","overlay-color":"","overlay-opacity":"","overlay-gradient":""},"mobile":{"background-color":"var(--ast-global-color-5)","background-image":"","background-repeat":"repeat","background-position":"center center","background-size":"auto","background-attachment":"scroll","background-type":"","background-media":"","overlay-type":"","overlay-color":"","overlay-opacity":"","overlay-gradient":""}},"footnotes":""},"class_list":["post-151","page","type-page","status-publish","hentry"],"yoast_head":"<!-- This site is optimized with the Yoast SEO plugin v27.5 - https:\/\/yoast.com\/product\/yoast-seo-wordpress\/ -->\n<title>\u00dcber Janiser\u00ae - Janiser\u00ae<\/title>\n<meta name=\"robots\" content=\"index, follow, max-snippet:-1, max-image-preview:large, max-video-preview:-1\" \/>\n<link rel=\"canonical\" href=\"https:\/\/janiser.net\/en\/ueber-uns\/\" \/>\n<meta property=\"og:locale\" content=\"en_GB\" \/>\n<meta property=\"og:type\" content=\"article\" \/>\n<meta property=\"og:title\" content=\"\u00dcber Janiser\u00ae - Janiser\u00ae\" \/>\n<meta property=\"og:description\" content=\"\u00dcBERJANISER\u00ae ANTIBIOTIKA: Zusammen ergeben &#8222;anti&#8220; und &#8222;bios&#8220; (altgriech.) das Wort &#8222;Antibiotika&#8220;, das w\u00f6rtlich als &#8222;gegen das Leben&#8220; oder &#8222;gegen lebende Organismen&#8220; \u00fcbersetzt werden kann. Dies spiegelt die F\u00e4higkeit der Antibiotika wider, das Wachstum oder die Vermehrung von Bakterien zu hemmen oder oder sie abzut\u00f6ten. \u201cZusammenfassend hat unsere Studie gezeigt, dass die Antibiotika-Exposition, die Anzahl der [&hellip;]\" \/>\n<meta property=\"og:url\" content=\"https:\/\/janiser.net\/en\/ueber-uns\/\" \/>\n<meta property=\"og:site_name\" content=\"Janiser\u00ae\" \/>\n<meta property=\"article:modified_time\" content=\"2025-07-04T14:34:29+00:00\" \/>\n<meta name=\"twitter:card\" content=\"summary_large_image\" \/>\n<meta name=\"twitter:label1\" content=\"Estimated reading time\" \/>\n\t<meta name=\"twitter:data1\" content=\"3 minutes\" \/>\n<script type=\"application\/ld+json\" class=\"yoast-schema-graph\">{\"@context\":\"https:\\\/\\\/schema.org\",\"@graph\":[{\"@type\":\"WebPage\",\"@id\":\"https:\\\/\\\/janiser.net\\\/ueber-uns\\\/\",\"url\":\"https:\\\/\\\/janiser.net\\\/ueber-uns\\\/\",\"name\":\"\u00dcber Janiser\u00ae - Janiser\u00ae\",\"isPartOf\":{\"@id\":\"https:\\\/\\\/janiser.net\\\/#website\"},\"datePublished\":\"2023-07-18T13:16:59+00:00\",\"dateModified\":\"2025-07-04T14:34:29+00:00\",\"breadcrumb\":{\"@id\":\"https:\\\/\\\/janiser.net\\\/ueber-uns\\\/#breadcrumb\"},\"inLanguage\":\"en-GB\",\"potentialAction\":[{\"@type\":\"ReadAction\",\"target\":[\"https:\\\/\\\/janiser.net\\\/ueber-uns\\\/\"]}]},{\"@type\":\"BreadcrumbList\",\"@id\":\"https:\\\/\\\/janiser.net\\\/ueber-uns\\\/#breadcrumb\",\"itemListElement\":[{\"@type\":\"ListItem\",\"position\":1,\"name\":\"Home\",\"item\":\"https:\\\/\\\/janiser.net\\\/\"},{\"@type\":\"ListItem\",\"position\":2,\"name\":\"\u00dcber Janiser\u00ae\"}]},{\"@type\":\"WebSite\",\"@id\":\"https:\\\/\\\/janiser.net\\\/#website\",\"url\":\"https:\\\/\\\/janiser.net\\\/\",\"name\":\"Janiser\u00ae\",\"description\":\"Die lebendige Natur Amazoniens\",\"publisher\":{\"@id\":\"https:\\\/\\\/janiser.net\\\/#organization\"},\"potentialAction\":[{\"@type\":\"SearchAction\",\"target\":{\"@type\":\"EntryPoint\",\"urlTemplate\":\"https:\\\/\\\/janiser.net\\\/?s={search_term_string}\"},\"query-input\":{\"@type\":\"PropertyValueSpecification\",\"valueRequired\":true,\"valueName\":\"search_term_string\"}}],\"inLanguage\":\"en-GB\"},{\"@type\":\"Organization\",\"@id\":\"https:\\\/\\\/janiser.net\\\/#organization\",\"name\":\"Janiser\u00ae\",\"url\":\"https:\\\/\\\/janiser.net\\\/\",\"logo\":{\"@type\":\"ImageObject\",\"inLanguage\":\"en-GB\",\"@id\":\"https:\\\/\\\/janiser.net\\\/#\\\/schema\\\/logo\\\/image\\\/\",\"url\":\"https:\\\/\\\/janiser.net\\\/wp-content\\\/uploads\\\/2023\\\/07\\\/janiser_logo-2.svg\",\"contentUrl\":\"https:\\\/\\\/janiser.net\\\/wp-content\\\/uploads\\\/2023\\\/07\\\/janiser_logo-2.svg\",\"width\":119,\"height\":140,\"caption\":\"Janiser\u00ae\"},\"image\":{\"@id\":\"https:\\\/\\\/janiser.net\\\/#\\\/schema\\\/logo\\\/image\\\/\"}}]}<\/script>\n<!-- \/ Yoast SEO plugin. -->","yoast_head_json":{"title":"\u00dcber Janiser\u00ae - Janiser\u00ae","robots":{"index":"index","follow":"follow","max-snippet":"max-snippet:-1","max-image-preview":"max-image-preview:large","max-video-preview":"max-video-preview:-1"},"canonical":"https:\/\/janiser.net\/en\/ueber-uns\/","og_locale":"en_GB","og_type":"article","og_title":"\u00dcber Janiser\u00ae - Janiser\u00ae","og_description":"\u00dcBERJANISER\u00ae ANTIBIOTIKA: Zusammen ergeben &#8222;anti&#8220; und &#8222;bios&#8220; (altgriech.) das Wort &#8222;Antibiotika&#8220;, das w\u00f6rtlich als &#8222;gegen das Leben&#8220; oder &#8222;gegen lebende Organismen&#8220; \u00fcbersetzt werden kann. Dies spiegelt die F\u00e4higkeit der Antibiotika wider, das Wachstum oder die Vermehrung von Bakterien zu hemmen oder oder sie abzut\u00f6ten. \u201cZusammenfassend hat unsere Studie gezeigt, dass die Antibiotika-Exposition, die Anzahl der [&hellip;]","og_url":"https:\/\/janiser.net\/en\/ueber-uns\/","og_site_name":"Janiser\u00ae","article_modified_time":"2025-07-04T14:34:29+00:00","twitter_card":"summary_large_image","twitter_misc":{"Estimated reading time":"3 minutes"},"schema":{"@context":"https:\/\/schema.org","@graph":[{"@type":"WebPage","@id":"https:\/\/janiser.net\/ueber-uns\/","url":"https:\/\/janiser.net\/ueber-uns\/","name":"\u00dcber Janiser\u00ae - Janiser\u00ae","isPartOf":{"@id":"https:\/\/janiser.net\/#website"},"datePublished":"2023-07-18T13:16:59+00:00","dateModified":"2025-07-04T14:34:29+00:00","breadcrumb":{"@id":"https:\/\/janiser.net\/ueber-uns\/#breadcrumb"},"inLanguage":"en-GB","potentialAction":[{"@type":"ReadAction","target":["https:\/\/janiser.net\/ueber-uns\/"]}]},{"@type":"BreadcrumbList","@id":"https:\/\/janiser.net\/ueber-uns\/#breadcrumb","itemListElement":[{"@type":"ListItem","position":1,"name":"Home","item":"https:\/\/janiser.net\/"},{"@type":"ListItem","position":2,"name":"\u00dcber Janiser\u00ae"}]},{"@type":"WebSite","@id":"https:\/\/janiser.net\/#website","url":"https:\/\/janiser.net\/","name":"Janiser\u00ae","description":"Die lebendige Natur Amazoniens","publisher":{"@id":"https:\/\/janiser.net\/#organization"},"potentialAction":[{"@type":"SearchAction","target":{"@type":"EntryPoint","urlTemplate":"https:\/\/janiser.net\/?s={search_term_string}"},"query-input":{"@type":"PropertyValueSpecification","valueRequired":true,"valueName":"search_term_string"}}],"inLanguage":"en-GB"},{"@type":"Organization","@id":"https:\/\/janiser.net\/#organization","name":"Janiser\u00ae","url":"https:\/\/janiser.net\/","logo":{"@type":"ImageObject","inLanguage":"en-GB","@id":"https:\/\/janiser.net\/#\/schema\/logo\/image\/","url":"https:\/\/janiser.net\/wp-content\/uploads\/2023\/07\/janiser_logo-2.svg","contentUrl":"https:\/\/janiser.net\/wp-content\/uploads\/2023\/07\/janiser_logo-2.svg","width":119,"height":140,"caption":"Janiser\u00ae"},"image":{"@id":"https:\/\/janiser.net\/#\/schema\/logo\/image\/"}}]}},"_links":{"self":[{"href":"https:\/\/janiser.net\/en\/wp-json\/wp\/v2\/pages\/151","targetHints":{"allow":["GET"]}}],"collection":[{"href":"https:\/\/janiser.net\/en\/wp-json\/wp\/v2\/pages"}],"about":[{"href":"https:\/\/janiser.net\/en\/wp-json\/wp\/v2\/types\/page"}],"author":[{"embeddable":true,"href":"https:\/\/janiser.net\/en\/wp-json\/wp\/v2\/users\/1"}],"replies":[{"embeddable":true,"href":"https:\/\/janiser.net\/en\/wp-json\/wp\/v2\/comments?post=151"}],"version-history":[{"count":114,"href":"https:\/\/janiser.net\/en\/wp-json\/wp\/v2\/pages\/151\/revisions"}],"predecessor-version":[{"id":1835,"href":"https:\/\/janiser.net\/en\/wp-json\/wp\/v2\/pages\/151\/revisions\/1835"}],"wp:attachment":[{"href":"https:\/\/janiser.net\/en\/wp-json\/wp\/v2\/media?parent=151"}],"curies":[{"name":"wp","href":"https:\/\/api.w.org\/{rel}","templated":true}]}}