{"id":1557,"date":"2024-05-15T18:05:31","date_gmt":"2024-05-15T18:05:31","guid":{"rendered":"https:\/\/janiser.net\/?page_id=1557"},"modified":"2024-05-27T09:44:25","modified_gmt":"2024-05-27T09:44:25","slug":"newsletter","status":"publish","type":"page","link":"https:\/\/janiser.net\/en\/newsletter\/","title":{"rendered":"Newsletter"},"content":{"rendered":"<h1 class=\"wp-block-heading\" style=\"padding-top:var(--wp--preset--spacing--60);padding-bottom:var(--wp--preset--spacing--60)\">Sign up for our newsletter<\/h1>\n\n\n\n<p>Sie k\u00f6nnen den Newsletter jederzeit \u00fcber den Link in unserem Newsletter abbestellen.<\/p>\n\n\n<div class=\"tnp tnp-subscription\">\n<form method=\"post\" action=\"https:\/\/janiser.net\/wp-admin\/admin-ajax.php?action=tnp&amp;na=s\">\n<input type=\"hidden\" name=\"nlang\" value=\"\">\n<div class=\"tnp-field tnp-field-firstname\"><label for=\"tnp-1\">First name<\/label>\n<input class=\"tnp-name\" type=\"text\" name=\"nn\" id=\"tnp-1\" value=\"\" placeholder=\"\" required><\/div>\n<div class=\"tnp-field tnp-field-surname\"><label for=\"tnp-2\">Last name<\/label>\n<input class=\"tnp-surname\" type=\"text\" name=\"ns\" id=\"tnp-2\" value=\"\" placeholder=\"\"><\/div><div class=\"tnp-field tnp-field-email\"><label for=\"tnp-3\">Email<\/label>\n<input class=\"tnp-email\" type=\"email\" name=\"ne\" id=\"tnp-3\" value=\"\" placeholder=\"\" required><\/div>\n<div class=\"tnp-field tnp-field-gender\"><label for=\"tnp-4\">I&#039;m<\/label>\n<select name=\"nx\" class=\"tnp-gender\" id=\"tnp-gender\"><option value=\"n\">Not specified<\/option><option value=\"f\">Woman<\/option><option value=\"m\">Man<\/option><\/select><\/div>\n<div class=\"tnp-field tnp-privacy-field\"><label><input type=\"checkbox\" name=\"ny\" required class=\"tnp-privacy\"> <a target=\"_blank\" href=\"https:\/\/janiser.net\/en\/datenschutzerklaerung\/\">I accept the privacy policy<\/a><\/label><\/div><div class=\"tnp-field tnp-field-button\" style=\"text-align: left\"><input class=\"tnp-submit\" type=\"submit\" value=\"Subscribe\" style=\"\">\n<\/div>\n<\/form>\n<\/div>\n\n\n\n\n<hr class=\"wp-block-separator has-text-color has-white-color has-alpha-channel-opacity has-white-background-color has-background is-style-dots\" style=\"margin-top:var(--wp--preset--spacing--80);margin-bottom:var(--wp--preset--spacing--80)\"\/>","protected":false},"excerpt":{"rendered":"<p>Melden Sie sich f\u00fcr unseren Newsletter an Sie k\u00f6nnen den Newsletter jederzeit \u00fcber den Link in unserem Newsletter abbestellen.<\/p>","protected":false},"author":1,"featured_media":0,"parent":0,"menu_order":0,"comment_status":"closed","ping_status":"closed","template":"","meta":{"site-sidebar-layout":"default","site-content-layout":"","ast-site-content-layout":"normal-width-container","site-content-style":"default","site-sidebar-style":"default","ast-global-header-display":"","ast-banner-title-visibility":"","ast-main-header-display":"","ast-hfb-above-header-display":"","ast-hfb-below-header-display":"","ast-hfb-mobile-header-display":"","site-post-title":"disabled","ast-breadcrumbs-content":"","ast-featured-img":"","footer-sml-layout":"","ast-disable-related-posts":"","theme-transparent-header-meta":"","adv-header-id-meta":"","stick-header-meta":"","header-above-stick-meta":"","header-main-stick-meta":"","header-below-stick-meta":"","astra-migrate-meta-layouts":"default","ast-page-background-enabled":"default","ast-page-background-meta":{"desktop":{"background-color":"var(--ast-global-color-4)","background-image":"","background-repeat":"repeat","background-position":"center center","background-size":"auto","background-attachment":"scroll","background-type":"","background-media":"","overlay-type":"","overlay-color":"","overlay-opacity":"","overlay-gradient":""},"tablet":{"background-color":"","background-image":"","background-repeat":"repeat","background-position":"center center","background-size":"auto","background-attachment":"scroll","background-type":"","background-media":"","overlay-type":"","overlay-color":"","overlay-opacity":"","overlay-gradient":""},"mobile":{"background-color":"","background-image":"","background-repeat":"repeat","background-position":"center center","background-size":"auto","background-attachment":"scroll","background-type":"","background-media":"","overlay-type":"","overlay-color":"","overlay-opacity":"","overlay-gradient":""}},"ast-content-background-meta":{"desktop":{"background-color":"var(--ast-global-color-5)","background-image":"","background-repeat":"repeat","background-position":"center center","background-size":"auto","background-attachment":"scroll","background-type":"","background-media":"","overlay-type":"","overlay-color":"","overlay-opacity":"","overlay-gradient":""},"tablet":{"background-color":"var(--ast-global-color-5)","background-image":"","background-repeat":"repeat","background-position":"center center","background-size":"auto","background-attachment":"scroll","background-type":"","background-media":"","overlay-type":"","overlay-color":"","overlay-opacity":"","overlay-gradient":""},"mobile":{"background-color":"var(--ast-global-color-5)","background-image":"","background-repeat":"repeat","background-position":"center center","background-size":"auto","background-attachment":"scroll","background-type":"","background-media":"","overlay-type":"","overlay-color":"","overlay-opacity":"","overlay-gradient":""}},"footnotes":""},"class_list":["post-1557","page","type-page","status-publish","hentry"],"yoast_head":"<!-- This site is optimized with the Yoast SEO plugin v27.5 - https:\/\/yoast.com\/product\/yoast-seo-wordpress\/ -->\n<title>Newsletter - Janiser\u00ae<\/title>\n<meta name=\"robots\" content=\"index, follow, max-snippet:-1, max-image-preview:large, max-video-preview:-1\" \/>\n<link rel=\"canonical\" href=\"https:\/\/janiser.net\/en\/newsletter\/\" \/>\n<meta property=\"og:locale\" content=\"en_GB\" \/>\n<meta property=\"og:type\" content=\"article\" \/>\n<meta property=\"og:title\" content=\"Newsletter - Janiser\u00ae\" \/>\n<meta property=\"og:description\" content=\"Melden Sie sich f\u00fcr unseren Newsletter an Sie k\u00f6nnen den Newsletter jederzeit \u00fcber den Link in unserem Newsletter abbestellen.\" \/>\n<meta property=\"og:url\" content=\"https:\/\/janiser.net\/en\/newsletter\/\" \/>\n<meta property=\"og:site_name\" content=\"Janiser\u00ae\" \/>\n<meta property=\"article:modified_time\" content=\"2024-05-27T09:44:25+00:00\" \/>\n<meta name=\"twitter:card\" content=\"summary_large_image\" \/>\n<meta name=\"twitter:label1\" content=\"Estimated reading time\" \/>\n\t<meta name=\"twitter:data1\" content=\"1 minute\" \/>\n<script type=\"application\/ld+json\" class=\"yoast-schema-graph\">{\"@context\":\"https:\\\/\\\/schema.org\",\"@graph\":[{\"@type\":\"WebPage\",\"@id\":\"https:\\\/\\\/janiser.net\\\/newsletter\\\/\",\"url\":\"https:\\\/\\\/janiser.net\\\/newsletter\\\/\",\"name\":\"Newsletter - Janiser\u00ae\",\"isPartOf\":{\"@id\":\"https:\\\/\\\/janiser.net\\\/#website\"},\"datePublished\":\"2024-05-15T18:05:31+00:00\",\"dateModified\":\"2024-05-27T09:44:25+00:00\",\"breadcrumb\":{\"@id\":\"https:\\\/\\\/janiser.net\\\/newsletter\\\/#breadcrumb\"},\"inLanguage\":\"en-GB\",\"potentialAction\":[{\"@type\":\"ReadAction\",\"target\":[\"https:\\\/\\\/janiser.net\\\/newsletter\\\/\"]}]},{\"@type\":\"BreadcrumbList\",\"@id\":\"https:\\\/\\\/janiser.net\\\/newsletter\\\/#breadcrumb\",\"itemListElement\":[{\"@type\":\"ListItem\",\"position\":1,\"name\":\"Home\",\"item\":\"https:\\\/\\\/janiser.net\\\/\"},{\"@type\":\"ListItem\",\"position\":2,\"name\":\"Newsletter\"}]},{\"@type\":\"WebSite\",\"@id\":\"https:\\\/\\\/janiser.net\\\/#website\",\"url\":\"https:\\\/\\\/janiser.net\\\/\",\"name\":\"Janiser\u00ae\",\"description\":\"Die lebendige Natur Amazoniens\",\"publisher\":{\"@id\":\"https:\\\/\\\/janiser.net\\\/#organization\"},\"potentialAction\":[{\"@type\":\"SearchAction\",\"target\":{\"@type\":\"EntryPoint\",\"urlTemplate\":\"https:\\\/\\\/janiser.net\\\/?s={search_term_string}\"},\"query-input\":{\"@type\":\"PropertyValueSpecification\",\"valueRequired\":true,\"valueName\":\"search_term_string\"}}],\"inLanguage\":\"en-GB\"},{\"@type\":\"Organization\",\"@id\":\"https:\\\/\\\/janiser.net\\\/#organization\",\"name\":\"Janiser\u00ae\",\"url\":\"https:\\\/\\\/janiser.net\\\/\",\"logo\":{\"@type\":\"ImageObject\",\"inLanguage\":\"en-GB\",\"@id\":\"https:\\\/\\\/janiser.net\\\/#\\\/schema\\\/logo\\\/image\\\/\",\"url\":\"https:\\\/\\\/janiser.net\\\/wp-content\\\/uploads\\\/2023\\\/07\\\/janiser_logo-2.svg\",\"contentUrl\":\"https:\\\/\\\/janiser.net\\\/wp-content\\\/uploads\\\/2023\\\/07\\\/janiser_logo-2.svg\",\"width\":119,\"height\":140,\"caption\":\"Janiser\u00ae\"},\"image\":{\"@id\":\"https:\\\/\\\/janiser.net\\\/#\\\/schema\\\/logo\\\/image\\\/\"}}]}<\/script>\n<!-- \/ Yoast SEO plugin. -->","yoast_head_json":{"title":"Newsletter - Janiser\u00ae","robots":{"index":"index","follow":"follow","max-snippet":"max-snippet:-1","max-image-preview":"max-image-preview:large","max-video-preview":"max-video-preview:-1"},"canonical":"https:\/\/janiser.net\/en\/newsletter\/","og_locale":"en_GB","og_type":"article","og_title":"Newsletter - Janiser\u00ae","og_description":"Melden Sie sich f\u00fcr unseren Newsletter an Sie k\u00f6nnen den Newsletter jederzeit \u00fcber den Link in unserem Newsletter abbestellen.","og_url":"https:\/\/janiser.net\/en\/newsletter\/","og_site_name":"Janiser\u00ae","article_modified_time":"2024-05-27T09:44:25+00:00","twitter_card":"summary_large_image","twitter_misc":{"Estimated reading time":"1 minute"},"schema":{"@context":"https:\/\/schema.org","@graph":[{"@type":"WebPage","@id":"https:\/\/janiser.net\/newsletter\/","url":"https:\/\/janiser.net\/newsletter\/","name":"Newsletter - Janiser\u00ae","isPartOf":{"@id":"https:\/\/janiser.net\/#website"},"datePublished":"2024-05-15T18:05:31+00:00","dateModified":"2024-05-27T09:44:25+00:00","breadcrumb":{"@id":"https:\/\/janiser.net\/newsletter\/#breadcrumb"},"inLanguage":"en-GB","potentialAction":[{"@type":"ReadAction","target":["https:\/\/janiser.net\/newsletter\/"]}]},{"@type":"BreadcrumbList","@id":"https:\/\/janiser.net\/newsletter\/#breadcrumb","itemListElement":[{"@type":"ListItem","position":1,"name":"Home","item":"https:\/\/janiser.net\/"},{"@type":"ListItem","position":2,"name":"Newsletter"}]},{"@type":"WebSite","@id":"https:\/\/janiser.net\/#website","url":"https:\/\/janiser.net\/","name":"Janiser\u00ae","description":"Die lebendige Natur Amazoniens","publisher":{"@id":"https:\/\/janiser.net\/#organization"},"potentialAction":[{"@type":"SearchAction","target":{"@type":"EntryPoint","urlTemplate":"https:\/\/janiser.net\/?s={search_term_string}"},"query-input":{"@type":"PropertyValueSpecification","valueRequired":true,"valueName":"search_term_string"}}],"inLanguage":"en-GB"},{"@type":"Organization","@id":"https:\/\/janiser.net\/#organization","name":"Janiser\u00ae","url":"https:\/\/janiser.net\/","logo":{"@type":"ImageObject","inLanguage":"en-GB","@id":"https:\/\/janiser.net\/#\/schema\/logo\/image\/","url":"https:\/\/janiser.net\/wp-content\/uploads\/2023\/07\/janiser_logo-2.svg","contentUrl":"https:\/\/janiser.net\/wp-content\/uploads\/2023\/07\/janiser_logo-2.svg","width":119,"height":140,"caption":"Janiser\u00ae"},"image":{"@id":"https:\/\/janiser.net\/#\/schema\/logo\/image\/"}}]}},"_links":{"self":[{"href":"https:\/\/janiser.net\/en\/wp-json\/wp\/v2\/pages\/1557","targetHints":{"allow":["GET"]}}],"collection":[{"href":"https:\/\/janiser.net\/en\/wp-json\/wp\/v2\/pages"}],"about":[{"href":"https:\/\/janiser.net\/en\/wp-json\/wp\/v2\/types\/page"}],"author":[{"embeddable":true,"href":"https:\/\/janiser.net\/en\/wp-json\/wp\/v2\/users\/1"}],"replies":[{"embeddable":true,"href":"https:\/\/janiser.net\/en\/wp-json\/wp\/v2\/comments?post=1557"}],"version-history":[{"count":5,"href":"https:\/\/janiser.net\/en\/wp-json\/wp\/v2\/pages\/1557\/revisions"}],"predecessor-version":[{"id":1607,"href":"https:\/\/janiser.net\/en\/wp-json\/wp\/v2\/pages\/1557\/revisions\/1607"}],"wp:attachment":[{"href":"https:\/\/janiser.net\/en\/wp-json\/wp\/v2\/media?parent=1557"}],"curies":[{"name":"wp","href":"https:\/\/api.w.org\/{rel}","templated":true}]}}