{"id":371,"date":"2023-07-20T11:25:21","date_gmt":"2023-07-20T11:25:21","guid":{"rendered":"https:\/\/janiser.net\/?page_id=371"},"modified":"2024-08-13T12:55:46","modified_gmt":"2024-08-13T12:55:46","slug":"impressum","status":"publish","type":"page","link":"https:\/\/janiser.net\/en\/impressum\/","title":{"rendered":"Imprint"},"content":{"rendered":"<div data-elementor-type=\"wp-page\" data-elementor-id=\"371\" class=\"elementor elementor-371\">\n\t\t\t\t\t\t<section class=\"elementor-section elementor-top-section elementor-element elementor-element-1a0bc30 elementor-section-full_width elementor-section-height-min-height elementor-section-height-default elementor-section-items-middle\" data-id=\"1a0bc30\" data-element_type=\"section\" data-e-type=\"section\" data-settings=\"{&quot;background_background&quot;:&quot;classic&quot;}\">\n\t\t\t\t\t\t<div class=\"elementor-container elementor-column-gap-no\">\n\t\t\t\t\t<div class=\"elementor-column elementor-col-100 elementor-top-column elementor-element elementor-element-9cbbfc1\" data-id=\"9cbbfc1\" data-element_type=\"column\" data-e-type=\"column\">\n\t\t\t<div class=\"elementor-widget-wrap elementor-element-populated\">\n\t\t\t\t\t\t<div class=\"elementor-element elementor-element-630533c elementor-widget elementor-widget-heading\" data-id=\"630533c\" data-element_type=\"widget\" data-e-type=\"widget\" data-widget_type=\"heading.default\">\n\t\t\t\t<div class=\"elementor-widget-container\">\n\t\t\t\t\t<h1 class=\"elementor-heading-title elementor-size-default\">IMPRINT<\/h1>\t\t\t\t<\/div>\n\t\t\t\t<\/div>\n\t\t\t\t\t<\/div>\n\t\t<\/div>\n\t\t\t\t\t<\/div>\n\t\t<\/section>\n\t\t\t\t<section class=\"elementor-section elementor-top-section elementor-element elementor-element-506c152 elementor-section-full_width elementor-section-height-default elementor-section-height-default\" data-id=\"506c152\" data-element_type=\"section\" data-e-type=\"section\">\n\t\t\t\t\t\t<div class=\"elementor-container elementor-column-gap-default\">\n\t\t\t\t\t<div class=\"elementor-column elementor-col-100 elementor-top-column elementor-element elementor-element-1a13cbd\" data-id=\"1a13cbd\" data-element_type=\"column\" data-e-type=\"column\">\n\t\t\t<div class=\"elementor-widget-wrap elementor-element-populated\">\n\t\t\t\t\t\t<section class=\"elementor-section elementor-inner-section elementor-element elementor-element-582f2c3 elementor-section-boxed elementor-section-height-default elementor-section-height-default\" data-id=\"582f2c3\" data-element_type=\"section\" data-e-type=\"section\">\n\t\t\t\t\t\t<div class=\"elementor-container elementor-column-gap-default\">\n\t\t\t\t\t<div class=\"elementor-column elementor-col-50 elementor-inner-column elementor-element elementor-element-cbd4e94\" data-id=\"cbd4e94\" data-element_type=\"column\" data-e-type=\"column\">\n\t\t\t<div class=\"elementor-widget-wrap elementor-element-populated\">\n\t\t\t\t\t\t<div class=\"elementor-element elementor-element-d1cd85a elementor-widget elementor-widget-text-editor\" data-id=\"d1cd85a\" data-element_type=\"widget\" data-e-type=\"widget\" data-widget_type=\"text-editor.default\">\n\t\t\t\t<div class=\"elementor-widget-container\">\n\t\t\t\t\t\t\t\t\t<p><strong>Disclaimer<\/strong><\/p><p><strong>Contact Address<\/strong><br \/>Manidad AG<br \/>Sulgeneckstrasse 33<br \/>3007 Bern<br \/>Schweiz<br \/><a href=\"mailto:post@manidad.ch\">post@manidad.ch<\/a><\/p>\t\t\t\t\t\t\t\t<\/div>\n\t\t\t\t<\/div>\n\t\t\t\t\t<\/div>\n\t\t<\/div>\n\t\t\t\t<div class=\"elementor-column elementor-col-50 elementor-inner-column elementor-element elementor-element-f92ad38\" data-id=\"f92ad38\" data-element_type=\"column\" data-e-type=\"column\">\n\t\t\t<div class=\"elementor-widget-wrap elementor-element-populated\">\n\t\t\t\t\t\t<div class=\"elementor-element elementor-element-8e24cd8 elementor-widget elementor-widget-text-editor\" data-id=\"8e24cd8\" data-element_type=\"widget\" data-e-type=\"widget\" data-widget_type=\"text-editor.default\">\n\t\t\t\t<div class=\"elementor-widget-container\">\n\t\t\t\t\t\t\t\t\t<p><strong>Authorized Representatives<\/strong><br \/>Henryk Egetemayer, Director and Chairman of the Board of Directors<\/p><p><strong>Commercial Register Entry<\/strong><br \/>Registered Company Name: Manidad AG<br \/>Number: <strong>CHE-277-974-375<\/strong><br \/>Commercial Register Office:Bern<\/p>\t\t\t\t\t\t\t\t<\/div>\n\t\t\t\t<\/div>\n\t\t\t\t\t<\/div>\n\t\t<\/div>\n\t\t\t\t\t<\/div>\n\t\t<\/section>\n\t\t\t\t<div class=\"elementor-element elementor-element-b473d1f elementor-widget elementor-widget-text-editor\" data-id=\"b473d1f\" data-element_type=\"widget\" data-e-type=\"widget\" data-widget_type=\"text-editor.default\">\n\t\t\t\t<div class=\"elementor-widget-container\">\n\t\t\t\t\t\t\t\t\t<p><strong>Disclaimer<\/strong><br \/>Manidad AG assumes no liability whatsoever with regard to the correctness, accuracy, timeliness, reliability and completeness of the information. Liability claims regarding damage caused by the use of any information provided, including any kind of information which is incomplete or incorrect, will therefore be rejected. All offers are non-binding. Manidad AG expressly reserves the right to change, supplement, delete or temporarily or permanently cease publication of parts of the pages or the entire offer without prior notice.<\/p><p><strong>Liability for Links<\/strong><br \/>References and links to third party websites are outside our area of responsibility. Any responsibility for such websites is declined. Access and use of such websites is at the user's own risk.<\/p><p><strong>Copyrights<\/strong><br \/>The copyright and all other rights to content, images or other files on the website belong exclusively to Manidad AG or the specifically named copyright holders. For the reproduction of any elements, the written consent of the copyright holders must be obtained in advance.<\/p><p><strong>Privacy<\/strong><br \/>Based on Article 13 of the Swiss Federal Constitution and the data protection provisions of the Data Protection Act (DPA), every person has the right to protection of their privacy as well as protection against misuse of their personal data. We comply with these provisions. Personal data is treated as strictly confidential and is neither sold nor passed on to third parties.<br \/>In close cooperation with our hosting providers, we make every effort to protect the databases as well as possible from unauthorized access, loss, misuse or forgery.<br \/>When accessing our websites, the following data is stored in log files: IP address, date, time, browser request and generally transmitted information about the operating system or browser. This usage data forms the basis for statistical, anonymous evaluations so that trends can be identified, which we can use to improve our offerings accordingly.<\/p><p><strong>Privacy Policy for the Use of Google Analytics<\/strong><br \/>This website uses Google Analytics, a web analytics service provided by Google, Inc (\"Google\"). Google Analytics uses \"cookies\", which are text files placed on your computer, to help the website analyze how users use the site. The information generated by the cookie about your use of the website will be transmitted to and stored by Google on servers in the United States. In the event that IP anonymization is activated on this website, however, your IP address will be truncated beforehand by Google within member states of the European Union or in other contracting states to the Agreement on the European Economic Area.<br \/>Only in exceptional cases will the full IP address be transferred to a Google server in the USA and shortened there. Google will use this information for the purpose of evaluating your use of the website, compiling reports on website activity for website operators and providing other services relating to website activity and internet usage. Google may also transfer this information to third parties where required to do so by law, or where such third parties process the information on Google's behalf. The IP address transmitted by your browser as part of Google Analytics will not be merged with other Google data.<br \/>You may refuse the use of cookies by selecting the appropriate settings on your browser, however please note that if you do this you may not be able to use the full functionality of this website. By using this website, you consent to the processing of data about you by Google in the manner and for the purposes set out above.<\/p><p><strong>Responsible for the content of the website www.janiser.net :<\/strong><\/p><p>Manidad AG<br \/>Sulgeneckstrasse 33<br \/>3007 Bern, Schweiz<\/p><p>post@janiser.net<br \/>www.janiser.net<\/p><p><strong>Bildcredits:<\/strong><\/p><p><a href=\"https:\/\/www.freepik.com\/free-photo\/bunch-fresh-mint-female-hands_11176117.htm\">ArthurHidden<\/a> |\u00a0<a href=\"https:\/\/www.freepik.com\/free-photo\/farmer-barley-field-enjoying-great-harvest_4284013.htm\">jcomp<\/a> |\u00a0<a href=\"https:\/\/www.freepik.com\/free-photo\/berries-green-gooseberry_27827811.htm\">Tatiana Goskova<\/a> |\u00a0<a href=\"https:\/\/www.pexels.com\/de-de\/foto\/lebensmittel-orange-saat-suss-286948\/\">Linda Prebreza<\/a> |\u00a0<a href=\"https:\/\/www.pexels.com\/photo\/closeup-photo-of-white-daisy-flowers-1171815\/\">NastyaSensei<\/a>\u00a0 |<a href=\"https:\/\/www.pexels.com\/de-de\/foto\/gras-grun-zitronengras-vertikaler-schuss-6021461\/\"> Ksenia Chernaya | <\/a><a href=\"https:\/\/unsplash.com\/de\/fotos\/rote-blutenblattblute-auf-palme-jSUzuDHk2h4\">Ketan Wagh<\/a> |\u00a0<a href=\"https:\/\/www.pexels.com\/photo\/bunch-of-fresh-sweet-garcinia-mangostana-fruits-4516066\/\">Hakeem James Hausley<\/a> |<a href=\"https:\/\/www.pexels.com\/photo\/photo-of-green-aloe-vera-plants-1549194\/\">Elle Hughes<\/a> |\u00a0<a href=\"https:\/\/www.pexels.com\/de-de\/foto\/roter-hibiskus-in-voller-blute-3821674\/\">Talha Riaz<\/a>\u00a0|\u00a0<a href=\"https:\/\/www.pexels.com\/de-de\/foto\/brauner-stock-mit-roten-runden-fruchten-5502088\/\">Eva Bronzini<\/a> |\u00a0<a href=\"https:\/\/pixabay.com\/users\/markusspiske-670330\/?utm_source=link-attribution&amp;utm_medium=referral&amp;utm_campaign=image&amp;utm_content=3717095\">Markus Spiske<\/a><\/p>\t\t\t\t\t\t\t\t<\/div>\n\t\t\t\t<\/div>\n\t\t\t\t\t<\/div>\n\t\t<\/div>\n\t\t\t\t\t<\/div>\n\t\t<\/section>\n\t\t\t\t<\/div>","protected":false},"excerpt":{"rendered":"<p>IMPRESSUM Impressum\u00a0\/ Disclaimer KontaktadresseManidad AGSulgeneckstrasse 333007 BernSchweizpost@manidad.ch Vertretungsberechtigte PersonenHenryk Egetemayer, Direktor und Verwaltungsratspr\u00e4sident HandelsregistereintragEingetragener Firmenname: Manidad AGNummer: CHE-277-974-375Handelsregisteramt:Bern HaftungsausschlussManidad AG \u00fcbernimmt keinerlei Gew\u00e4hr hinsichtlich der inhaltlichen Richtigkeit, Genauigkeit, Aktualit\u00e4t, Zuverl\u00e4ssigkeit und Vollst\u00e4ndigkeit der Informationen. Haftungsanspr\u00fcche gegen Manidad AG wegen Sch\u00e4den materieller oder immaterieller Art, welche aus dem Zugriff oder der Nutzung bzw. Nichtnutzung der ver\u00f6ffentlichten [&hellip;]<\/p>\n","protected":false},"author":1,"featured_media":0,"parent":0,"menu_order":0,"comment_status":"closed","ping_status":"closed","template":"","meta":{"site-sidebar-layout":"default","site-content-layout":"","ast-site-content-layout":"default","site-content-style":"default","site-sidebar-style":"default","ast-global-header-display":"","ast-banner-title-visibility":"","ast-main-header-display":"","ast-hfb-above-header-display":"","ast-hfb-below-header-display":"","ast-hfb-mobile-header-display":"","site-post-title":"disabled","ast-breadcrumbs-content":"","ast-featured-img":"","footer-sml-layout":"","ast-disable-related-posts":"","theme-transparent-header-meta":"","adv-header-id-meta":"","stick-header-meta":"","header-above-stick-meta":"","header-main-stick-meta":"","header-below-stick-meta":"","astra-migrate-meta-layouts":"default","ast-page-background-enabled":"default","ast-page-background-meta":{"desktop":{"background-color":"var(--ast-global-color-4)","background-image":"","background-repeat":"repeat","background-position":"center center","background-size":"auto","background-attachment":"scroll","background-type":"","background-media":"","overlay-type":"","overlay-color":"","overlay-opacity":"","overlay-gradient":""},"tablet":{"background-color":"","background-image":"","background-repeat":"repeat","background-position":"center center","background-size":"auto","background-attachment":"scroll","background-type":"","background-media":"","overlay-type":"","overlay-color":"","overlay-opacity":"","overlay-gradient":""},"mobile":{"background-color":"","background-image":"","background-repeat":"repeat","background-position":"center center","background-size":"auto","background-attachment":"scroll","background-type":"","background-media":"","overlay-type":"","overlay-color":"","overlay-opacity":"","overlay-gradient":""}},"ast-content-background-meta":{"desktop":{"background-color":"var(--ast-global-color-5)","background-image":"","background-repeat":"repeat","background-position":"center center","background-size":"auto","background-attachment":"scroll","background-type":"","background-media":"","overlay-type":"","overlay-color":"","overlay-opacity":"","overlay-gradient":""},"tablet":{"background-color":"var(--ast-global-color-5)","background-image":"","background-repeat":"repeat","background-position":"center center","background-size":"auto","background-attachment":"scroll","background-type":"","background-media":"","overlay-type":"","overlay-color":"","overlay-opacity":"","overlay-gradient":""},"mobile":{"background-color":"var(--ast-global-color-5)","background-image":"","background-repeat":"repeat","background-position":"center center","background-size":"auto","background-attachment":"scroll","background-type":"","background-media":"","overlay-type":"","overlay-color":"","overlay-opacity":"","overlay-gradient":""}},"footnotes":""},"class_list":["post-371","page","type-page","status-publish","hentry"],"yoast_head":"<!-- This site is optimized with the Yoast SEO plugin v27.5 - https:\/\/yoast.com\/product\/yoast-seo-wordpress\/ -->\n<title>Impressum - Janiser\u00ae<\/title>\n<meta name=\"robots\" content=\"index, follow, max-snippet:-1, max-image-preview:large, max-video-preview:-1\" \/>\n<link rel=\"canonical\" href=\"https:\/\/janiser.net\/en\/impressum\/\" \/>\n<meta property=\"og:locale\" content=\"en_GB\" \/>\n<meta property=\"og:type\" content=\"article\" \/>\n<meta property=\"og:title\" content=\"Impressum - Janiser\u00ae\" \/>\n<meta property=\"og:description\" content=\"IMPRESSUM Impressum\u00a0\/ Disclaimer KontaktadresseManidad AGSulgeneckstrasse 333007 BernSchweizpost@manidad.ch Vertretungsberechtigte PersonenHenryk Egetemayer, Direktor und Verwaltungsratspr\u00e4sident HandelsregistereintragEingetragener Firmenname: Manidad AGNummer: CHE-277-974-375Handelsregisteramt:Bern HaftungsausschlussManidad AG \u00fcbernimmt keinerlei Gew\u00e4hr hinsichtlich der inhaltlichen Richtigkeit, Genauigkeit, Aktualit\u00e4t, Zuverl\u00e4ssigkeit und Vollst\u00e4ndigkeit der Informationen. Haftungsanspr\u00fcche gegen Manidad AG wegen Sch\u00e4den materieller oder immaterieller Art, welche aus dem Zugriff oder der Nutzung bzw. Nichtnutzung der ver\u00f6ffentlichten [&hellip;]\" \/>\n<meta property=\"og:url\" content=\"https:\/\/janiser.net\/en\/impressum\/\" \/>\n<meta property=\"og:site_name\" content=\"Janiser\u00ae\" \/>\n<meta property=\"article:modified_time\" content=\"2024-08-13T12:55:46+00:00\" \/>\n<meta name=\"twitter:card\" content=\"summary_large_image\" \/>\n<meta name=\"twitter:label1\" content=\"Estimated reading time\" \/>\n\t<meta name=\"twitter:data1\" content=\"4 minutes\" \/>\n<script type=\"application\/ld+json\" class=\"yoast-schema-graph\">{\"@context\":\"https:\\\/\\\/schema.org\",\"@graph\":[{\"@type\":\"WebPage\",\"@id\":\"https:\\\/\\\/janiser.net\\\/impressum\\\/\",\"url\":\"https:\\\/\\\/janiser.net\\\/impressum\\\/\",\"name\":\"Impressum - Janiser\u00ae\",\"isPartOf\":{\"@id\":\"https:\\\/\\\/janiser.net\\\/#website\"},\"datePublished\":\"2023-07-20T11:25:21+00:00\",\"dateModified\":\"2024-08-13T12:55:46+00:00\",\"breadcrumb\":{\"@id\":\"https:\\\/\\\/janiser.net\\\/impressum\\\/#breadcrumb\"},\"inLanguage\":\"en-GB\",\"potentialAction\":[{\"@type\":\"ReadAction\",\"target\":[\"https:\\\/\\\/janiser.net\\\/impressum\\\/\"]}]},{\"@type\":\"BreadcrumbList\",\"@id\":\"https:\\\/\\\/janiser.net\\\/impressum\\\/#breadcrumb\",\"itemListElement\":[{\"@type\":\"ListItem\",\"position\":1,\"name\":\"Home\",\"item\":\"https:\\\/\\\/janiser.net\\\/\"},{\"@type\":\"ListItem\",\"position\":2,\"name\":\"Impressum\"}]},{\"@type\":\"WebSite\",\"@id\":\"https:\\\/\\\/janiser.net\\\/#website\",\"url\":\"https:\\\/\\\/janiser.net\\\/\",\"name\":\"Janiser\u00ae\",\"description\":\"Die lebendige Natur Amazoniens\",\"publisher\":{\"@id\":\"https:\\\/\\\/janiser.net\\\/#organization\"},\"potentialAction\":[{\"@type\":\"SearchAction\",\"target\":{\"@type\":\"EntryPoint\",\"urlTemplate\":\"https:\\\/\\\/janiser.net\\\/?s={search_term_string}\"},\"query-input\":{\"@type\":\"PropertyValueSpecification\",\"valueRequired\":true,\"valueName\":\"search_term_string\"}}],\"inLanguage\":\"en-GB\"},{\"@type\":\"Organization\",\"@id\":\"https:\\\/\\\/janiser.net\\\/#organization\",\"name\":\"Janiser\u00ae\",\"url\":\"https:\\\/\\\/janiser.net\\\/\",\"logo\":{\"@type\":\"ImageObject\",\"inLanguage\":\"en-GB\",\"@id\":\"https:\\\/\\\/janiser.net\\\/#\\\/schema\\\/logo\\\/image\\\/\",\"url\":\"https:\\\/\\\/janiser.net\\\/wp-content\\\/uploads\\\/2023\\\/07\\\/janiser_logo-2.svg\",\"contentUrl\":\"https:\\\/\\\/janiser.net\\\/wp-content\\\/uploads\\\/2023\\\/07\\\/janiser_logo-2.svg\",\"width\":119,\"height\":140,\"caption\":\"Janiser\u00ae\"},\"image\":{\"@id\":\"https:\\\/\\\/janiser.net\\\/#\\\/schema\\\/logo\\\/image\\\/\"}}]}<\/script>\n<!-- \/ Yoast SEO plugin. -->","yoast_head_json":{"title":"Impressum - Janiser\u00ae","robots":{"index":"index","follow":"follow","max-snippet":"max-snippet:-1","max-image-preview":"max-image-preview:large","max-video-preview":"max-video-preview:-1"},"canonical":"https:\/\/janiser.net\/en\/impressum\/","og_locale":"en_GB","og_type":"article","og_title":"Impressum - Janiser\u00ae","og_description":"IMPRESSUM Impressum\u00a0\/ Disclaimer KontaktadresseManidad AGSulgeneckstrasse 333007 BernSchweizpost@manidad.ch Vertretungsberechtigte PersonenHenryk Egetemayer, Direktor und Verwaltungsratspr\u00e4sident HandelsregistereintragEingetragener Firmenname: Manidad AGNummer: CHE-277-974-375Handelsregisteramt:Bern HaftungsausschlussManidad AG \u00fcbernimmt keinerlei Gew\u00e4hr hinsichtlich der inhaltlichen Richtigkeit, Genauigkeit, Aktualit\u00e4t, Zuverl\u00e4ssigkeit und Vollst\u00e4ndigkeit der Informationen. Haftungsanspr\u00fcche gegen Manidad AG wegen Sch\u00e4den materieller oder immaterieller Art, welche aus dem Zugriff oder der Nutzung bzw. Nichtnutzung der ver\u00f6ffentlichten [&hellip;]","og_url":"https:\/\/janiser.net\/en\/impressum\/","og_site_name":"Janiser\u00ae","article_modified_time":"2024-08-13T12:55:46+00:00","twitter_card":"summary_large_image","twitter_misc":{"Estimated reading time":"4 minutes"},"schema":{"@context":"https:\/\/schema.org","@graph":[{"@type":"WebPage","@id":"https:\/\/janiser.net\/impressum\/","url":"https:\/\/janiser.net\/impressum\/","name":"Impressum - Janiser\u00ae","isPartOf":{"@id":"https:\/\/janiser.net\/#website"},"datePublished":"2023-07-20T11:25:21+00:00","dateModified":"2024-08-13T12:55:46+00:00","breadcrumb":{"@id":"https:\/\/janiser.net\/impressum\/#breadcrumb"},"inLanguage":"en-GB","potentialAction":[{"@type":"ReadAction","target":["https:\/\/janiser.net\/impressum\/"]}]},{"@type":"BreadcrumbList","@id":"https:\/\/janiser.net\/impressum\/#breadcrumb","itemListElement":[{"@type":"ListItem","position":1,"name":"Home","item":"https:\/\/janiser.net\/"},{"@type":"ListItem","position":2,"name":"Impressum"}]},{"@type":"WebSite","@id":"https:\/\/janiser.net\/#website","url":"https:\/\/janiser.net\/","name":"Janiser\u00ae","description":"Die lebendige Natur Amazoniens","publisher":{"@id":"https:\/\/janiser.net\/#organization"},"potentialAction":[{"@type":"SearchAction","target":{"@type":"EntryPoint","urlTemplate":"https:\/\/janiser.net\/?s={search_term_string}"},"query-input":{"@type":"PropertyValueSpecification","valueRequired":true,"valueName":"search_term_string"}}],"inLanguage":"en-GB"},{"@type":"Organization","@id":"https:\/\/janiser.net\/#organization","name":"Janiser\u00ae","url":"https:\/\/janiser.net\/","logo":{"@type":"ImageObject","inLanguage":"en-GB","@id":"https:\/\/janiser.net\/#\/schema\/logo\/image\/","url":"https:\/\/janiser.net\/wp-content\/uploads\/2023\/07\/janiser_logo-2.svg","contentUrl":"https:\/\/janiser.net\/wp-content\/uploads\/2023\/07\/janiser_logo-2.svg","width":119,"height":140,"caption":"Janiser\u00ae"},"image":{"@id":"https:\/\/janiser.net\/#\/schema\/logo\/image\/"}}]}},"_links":{"self":[{"href":"https:\/\/janiser.net\/en\/wp-json\/wp\/v2\/pages\/371","targetHints":{"allow":["GET"]}}],"collection":[{"href":"https:\/\/janiser.net\/en\/wp-json\/wp\/v2\/pages"}],"about":[{"href":"https:\/\/janiser.net\/en\/wp-json\/wp\/v2\/types\/page"}],"author":[{"embeddable":true,"href":"https:\/\/janiser.net\/en\/wp-json\/wp\/v2\/users\/1"}],"replies":[{"embeddable":true,"href":"https:\/\/janiser.net\/en\/wp-json\/wp\/v2\/comments?post=371"}],"version-history":[{"count":53,"href":"https:\/\/janiser.net\/en\/wp-json\/wp\/v2\/pages\/371\/revisions"}],"predecessor-version":[{"id":1708,"href":"https:\/\/janiser.net\/en\/wp-json\/wp\/v2\/pages\/371\/revisions\/1708"}],"wp:attachment":[{"href":"https:\/\/janiser.net\/en\/wp-json\/wp\/v2\/media?parent=371"}],"curies":[{"name":"wp","href":"https:\/\/api.w.org\/{rel}","templated":true}]}}