{"id":910,"date":"2023-08-22T09:27:55","date_gmt":"2023-08-22T09:27:55","guid":{"rendered":"https:\/\/janiser.net\/?page_id=910"},"modified":"2024-10-28T10:31:17","modified_gmt":"2024-10-28T10:31:17","slug":"zahlung-und-versand","status":"publish","type":"page","link":"https:\/\/janiser.net\/en\/zahlung-und-versand\/","title":{"rendered":"Payment &amp; Shipping"},"content":{"rendered":"\t\t<div data-elementor-type=\"wp-page\" data-elementor-id=\"910\" class=\"elementor elementor-910\">\n\t\t\t\t\t\t<section class=\"elementor-section elementor-top-section elementor-element elementor-element-caa03ad elementor-section-full_width elementor-section-height-min-height elementor-section-height-default elementor-section-items-middle\" data-id=\"caa03ad\" data-element_type=\"section\" data-e-type=\"section\" data-settings=\"{&quot;background_background&quot;:&quot;classic&quot;}\">\n\t\t\t\t\t\t<div class=\"elementor-container elementor-column-gap-no\">\n\t\t\t\t\t<div class=\"elementor-column elementor-col-100 elementor-top-column elementor-element elementor-element-f58489f\" data-id=\"f58489f\" data-element_type=\"column\" data-e-type=\"column\">\n\t\t\t<div class=\"elementor-widget-wrap elementor-element-populated\">\n\t\t\t\t\t\t<div class=\"elementor-element elementor-element-05932c7 elementor-widget elementor-widget-heading\" data-id=\"05932c7\" data-element_type=\"widget\" data-e-type=\"widget\" data-widget_type=\"heading.default\">\n\t\t\t\t<div class=\"elementor-widget-container\">\n\t\t\t\t\t<h1 class=\"elementor-heading-title elementor-size-default\">ZAHLUNG UND VERSAND<\/h1>\t\t\t\t<\/div>\n\t\t\t\t<\/div>\n\t\t\t\t\t<\/div>\n\t\t<\/div>\n\t\t\t\t\t<\/div>\n\t\t<\/section>\n\t\t\t\t<section class=\"elementor-section elementor-top-section elementor-element elementor-element-4fce22e elementor-section-full_width elementor-section-height-default elementor-section-height-default\" data-id=\"4fce22e\" data-element_type=\"section\" data-e-type=\"section\">\n\t\t\t\t\t\t<div class=\"elementor-container elementor-column-gap-default\">\n\t\t\t\t\t<div class=\"elementor-column elementor-col-100 elementor-top-column elementor-element elementor-element-97c3e7d\" data-id=\"97c3e7d\" data-element_type=\"column\" data-e-type=\"column\">\n\t\t\t<div class=\"elementor-widget-wrap elementor-element-populated\">\n\t\t\t\t\t\t<div class=\"elementor-element elementor-element-95b4833 elementor-widget elementor-widget-heading\" data-id=\"95b4833\" data-element_type=\"widget\" data-e-type=\"widget\" data-widget_type=\"heading.default\">\n\t\t\t\t<div class=\"elementor-widget-container\">\n\t\t\t\t\t<h3 class=\"elementor-heading-title elementor-size-default\">IHRE ZAHLUNG<\/h3>\t\t\t\t<\/div>\n\t\t\t\t<\/div>\n\t\t\t\t<div class=\"elementor-element elementor-element-8a92fea elementor-widget elementor-widget-text-editor\" data-id=\"8a92fea\" data-element_type=\"widget\" data-e-type=\"widget\" data-widget_type=\"text-editor.default\">\n\t\t\t\t<div class=\"elementor-widget-container\">\n\t\t\t\t\t\t\t\t\t<p><span style=\"font-weight: 400;\">Bei Lieferungen im Inland (Schweiz) haben Sie folgende Zahlungsm\u00f6glichkeiten:<\/span><\/p><p>Vorkasse per \u00dcberweisung<\/p><p><span style=\"font-weight: 400;\">Bei Lieferungen ins Ausland haben Sie folgende Zahlungsm\u00f6glichkeiten:<\/span><\/p><p><span style=\"font-weight: 400;\">Vorkasse per \u00dcberweisung<\/span><\/p>\t\t\t\t\t\t\t\t<\/div>\n\t\t\t\t<\/div>\n\t\t\t\t<div class=\"elementor-element elementor-element-1c189fe elementor-widget elementor-widget-heading\" data-id=\"1c189fe\" data-element_type=\"widget\" data-e-type=\"widget\" data-widget_type=\"heading.default\">\n\t\t\t\t<div class=\"elementor-widget-container\">\n\t\t\t\t\t<h3 class=\"elementor-heading-title elementor-size-default\">UNSERE ZAHLUNG<\/h3>\t\t\t\t<\/div>\n\t\t\t\t<\/div>\n\t\t\t\t<div class=\"elementor-element elementor-element-171e064 elementor-widget elementor-widget-text-editor\" data-id=\"171e064\" data-element_type=\"widget\" data-e-type=\"widget\" data-widget_type=\"text-editor.default\">\n\t\t\t\t<div class=\"elementor-widget-container\">\n\t\t\t\t\t\t\t\t\t<p><span style=\"font-weight: 400;\">Provisionszahlungen im Inland (Schweiz) und Ausland<\/span><span style=\"font-weight: 400;\"> \u00fcberweisen wir auf das von Ihnen im <\/span><b>Webbackoffice<\/b><span style=\"font-weight: 400;\"> aufgef\u00fchrten Konto, das mit der IBAN- und BIC Nummer angelegt wurde. <\/span><b>Wichtig: das Konto muss auf Ihren Namen lauten<\/b><span style=\"font-weight: 400;\">. Kostenfrei k\u00f6nnen wir die Provisionsauszahlung nur im SEPA-Raum leisten. Auszahlungen in Nicht-EU-L\u00e4nder und auf Kreditkarten werden mit den bankspezifischen Kosten belastet.<\/span><\/p>\t\t\t\t\t\t\t\t<\/div>\n\t\t\t\t<\/div>\n\t\t\t\t<div class=\"elementor-element elementor-element-19ac8b1 elementor-widget elementor-widget-heading\" data-id=\"19ac8b1\" data-element_type=\"widget\" data-e-type=\"widget\" data-widget_type=\"heading.default\">\n\t\t\t\t<div class=\"elementor-widget-container\">\n\t\t\t\t\t<h3 class=\"elementor-heading-title elementor-size-default\">FRACHT UND VERSAND<\/h3>\t\t\t\t<\/div>\n\t\t\t\t<\/div>\n\t\t\t\t<div class=\"elementor-element elementor-element-caf8c2b elementor-widget elementor-widget-text-editor\" data-id=\"caf8c2b\" data-element_type=\"widget\" data-e-type=\"widget\" data-widget_type=\"text-editor.default\">\n\t\t\t\t<div class=\"elementor-widget-container\">\n\t\t\t\t\t\t\t\t\t<p>Die Auslieferung der Ware erfolgt aktuell in der Schweiz, Deutschland, \u00d6sterreich, der gesamten EU und nach Gro\u00dfbritannien.<\/p><p><span data-sheets-value=\"{&quot;1&quot;:2,&quot;2&quot;:&quot;Es gelten folgende Bedingungen f\u00fcr unsere Vertriebspartner:&quot;}\" data-sheets-userformat=\"{&quot;2&quot;:14915,&quot;3&quot;:{&quot;1&quot;:0},&quot;4&quot;:{&quot;1&quot;:2,&quot;2&quot;:16777215},&quot;9&quot;:0,&quot;12&quot;:0,&quot;14&quot;:{&quot;1&quot;:2,&quot;2&quot;:0},&quot;15&quot;:&quot;Merriweather, serif&quot;,&quot;16&quot;:10}\">Es gelten folgende Bedingungen f\u00fcr unsere Vertriebspartner:<\/span><\/p><table dir=\"ltr\" border=\"1\" cellspacing=\"0\" cellpadding=\"0\"><colgroup> <col width=\"319\" \/> <col width=\"150\" \/> <col width=\"78\" \/><\/colgroup><tbody><tr><td data-sheets-value=\"{&quot;1&quot;:2,&quot;2&quot;:&quot;VERSAND IN \/ NACH&quot;}\">VERSAND IN \/ NACH<\/td><td data-sheets-value=\"{&quot;1&quot;:2,&quot;2&quot;:&quot;PREIS\\n(pro Bestellung inkl. MwSt.)&quot;}\">PREIS (pro Bestellung inkl. MwSt.)<\/td><td data-sheets-value=\"{&quot;1&quot;:2,&quot;2&quot;:&quot;LIEFER- FRISTEN\\nIN TAGEN&quot;}\">LIEFERFRISTEN<br \/>IN TAGEN<\/td><\/tr><tr><td data-sheets-value=\"{&quot;1&quot;:2,&quot;2&quot;:&quot;Schweiz (Post.ch)&quot;}\">Schweiz (Post.ch)<\/td><td data-sheets-value=\"{&quot;1&quot;:3,&quot;3&quot;:5.9}\" data-sheets-numberformat=\"{&quot;1&quot;:4,&quot;2&quot;:&quot;[$CHF]#,##0.00&quot;}\">CHF5,90<\/td><td data-sheets-value=\"{&quot;1&quot;:3,&quot;3&quot;:44986}\" data-sheets-numberformat=\"{&quot;1&quot;:5,&quot;2&quot;:&quot;d-m&quot;,&quot;3&quot;:1}\">1-3<\/td><\/tr><tr><td data-sheets-value=\"{&quot;1&quot;:2,&quot;2&quot;:&quot;Deutschland (DHL)&quot;}\">Deutschland (DHL)<\/td><td data-sheets-value=\"{&quot;1&quot;:3,&quot;3&quot;:6.9}\" data-sheets-numberformat=\"{&quot;1&quot;:4,&quot;2&quot;:&quot;\\&quot;\u20ac\\&quot;#,##0.00&quot;,&quot;3&quot;:1}\">\u20ac7,80<\/td><td data-sheets-value=\"{&quot;1&quot;:2,&quot;2&quot;:&quot;1 - 3&quot;}\">1 &#8211; 3<\/td><\/tr><tr><td data-sheets-value=\"{&quot;1&quot;:2,&quot;2&quot;:&quot;\u00d6sterreich (Post.at)&quot;}\">\u00d6sterreich (Post.at)<\/td><td data-sheets-value=\"{&quot;1&quot;:3,&quot;3&quot;:8.9}\" data-sheets-numberformat=\"{&quot;1&quot;:4,&quot;2&quot;:&quot;\\&quot;\u20ac\\&quot;#,##0.00&quot;,&quot;3&quot;:1}\">\u20ac8,90<\/td><td data-sheets-value=\"{&quot;1&quot;:2,&quot;2&quot;:&quot;2 - 4&quot;}\">2 &#8211; 4<\/td><\/tr><tr><td data-sheets-value=\"{&quot;1&quot;:2,&quot;2&quot;:&quot;Frankreich m\u00e9tropolitaine (DHL)&quot;}\">Frankreich m\u00e9tropolitaine (DHL)<\/td><td data-sheets-value=\"{&quot;1&quot;:3,&quot;3&quot;:16.9}\" data-sheets-numberformat=\"{&quot;1&quot;:4,&quot;2&quot;:&quot;\\&quot;\u20ac\\&quot;#,##0.00&quot;,&quot;3&quot;:1}\">\u20ac16,90<\/td><td data-sheets-value=\"{&quot;1&quot;:2,&quot;2&quot;:&quot;4 - 6&quot;}\">4 &#8211; 6<\/td><\/tr><tr><td data-sheets-value=\"{&quot;1&quot;:2,&quot;2&quot;:&quot;Niederlande (Post NL)&quot;}\">Niederlande (Post NL)<\/td><td data-sheets-value=\"{&quot;1&quot;:3,&quot;3&quot;:16.9}\" data-sheets-numberformat=\"{&quot;1&quot;:4,&quot;2&quot;:&quot;\\&quot;\u20ac\\&quot;#,##0.00&quot;,&quot;3&quot;:1}\">\u20ac16,90<\/td><td data-sheets-value=\"{&quot;1&quot;:2,&quot;2&quot;:&quot;2 - 4&quot;}\">2 &#8211; 4<\/td><\/tr><tr><td data-sheets-value=\"{&quot;1&quot;:2,&quot;2&quot;:&quot;Belgien (DHL)&quot;}\">Belgien (DHL)<\/td><td data-sheets-value=\"{&quot;1&quot;:3,&quot;3&quot;:16.9}\" data-sheets-numberformat=\"{&quot;1&quot;:4,&quot;2&quot;:&quot;\\&quot;\u20ac\\&quot;#,##0.00&quot;,&quot;3&quot;:1}\">\u20ac16,90<\/td><td data-sheets-value=\"{&quot;1&quot;:2,&quot;2&quot;:&quot;2 - 4&quot;}\">2 &#8211; 4<\/td><\/tr><\/tbody><\/table><p>Die Versandkosten werden Ihnen im Bestellprozess beim Checkout nochmals genau mitgeteilt.<\/p><p><strong>Z\u00f6lle und Steuern<\/strong><\/p><p><span data-sheets-value=\"{&quot;1&quot;:2,&quot;2&quot;:&quot;Bei Lieferungen in das Nicht-EU Ausland fallen ggf. zus\u00e4tzliche Z\u00f6lle, Steuern und Geb\u00fchren an. Weitere Informationen zu Z\u00f6llen finden Sie unter diesem Link (http:\/\/ec.europa.eu\/taxation_customs\/index_de.htm) und zur Einfuhrumsatzsteuer unter diesem Link.&quot;}\" data-sheets-userformat=\"{&quot;2&quot;:14913,&quot;3&quot;:{&quot;1&quot;:0},&quot;9&quot;:0,&quot;12&quot;:0,&quot;14&quot;:{&quot;1&quot;:2,&quot;2&quot;:0},&quot;15&quot;:&quot;Merriweather, serif&quot;,&quot;16&quot;:10}\" data-sheets-hyperlinkruns=\"{&quot;1&quot;:158,&quot;2&quot;:&quot;https:\/\/taxation-customs.ec.europa.eu\/index_en&quot;}\uee10{&quot;1&quot;:207}\uee10{&quot;1&quot;:243,&quot;2&quot;:&quot;http:\/\/auskunft.ezt-online.de\/ezto\/Welcome.do&quot;}\uee10{&quot;1&quot;:255}\">Bei Lieferungen in das Nicht-EU Ausland fallen ggf. zus\u00e4tzliche Z\u00f6lle, Steuern und Geb\u00fchren an. Weitere Informationen zu Z\u00f6llen finden Sie unter diesem <a href=\"http:\/\/ec.europa.eu\/taxation_customs\/index_de.htm\">Link<\/a> und zur Einfuhrumsatzsteuer unter diesem Link.<\/span><\/p><p><strong>Lieferfristen<\/strong><\/p><p><span data-sheets-value=\"{&quot;1&quot;:2,&quot;2&quot;:&quot;Soweit im jeweiligen Angebot keine andere Frist angegeben ist, erfolgt die Lieferung der Ware innerhalb der oben in der Tabelle genannten Tage (bei vereinbarter Vorauszahlung nach dem Zeitpunkt Ihrer Zahlungsanweisung). In sonstige L\u00e4nder ist die Lieferfrist von DHL sehr individuell. Die Laufzeit-Indikationen f\u00fcr \u201cWeltpaket PREMIUM\u201d der DHL k\u00f6nnen unter folgendem Link abgerufen werden: Laufzeiten Weltpaket Premium&quot;}\" data-sheets-userformat=\"{&quot;2&quot;:14913,&quot;3&quot;:{&quot;1&quot;:0},&quot;9&quot;:0,&quot;12&quot;:0,&quot;14&quot;:{&quot;1&quot;:2,&quot;2&quot;:0},&quot;15&quot;:&quot;Merriweather, serif&quot;,&quot;16&quot;:10}\" data-sheets-hyperlink=\"https:\/\/www.dhl.de\/de\/privatkunden\/pakete-versenden\/weltweit-versenden\/paket.html#laenderinformationen\" data-sheets-hyperlinkruns=\"{&quot;1&quot;:389,&quot;2&quot;:&quot;https:\/\/www.dhl.de\/de\/privatkunden\/pakete-versenden\/weltweit-versenden\/paket.html#laenderinformationen&quot;}\uee10{&quot;1&quot;:417}\">Soweit im jeweiligen Angebot keine andere Frist angegeben ist, erfolgt die Lieferung der Ware innerhalb der oben in der Tabelle genannten Tage (bei vereinbarter Vorauszahlung nach dem Zeitpunkt Ihrer Zahlungsanweisung). In sonstige L\u00e4nder ist die Lieferfrist von DHL sehr individuell. Die Laufzeit-Indikationen f\u00fcr \u201cWeltpaket PREMIUM\u201d der DHL k\u00f6nnen unter folgendem Link abgerufen werden: <a class=\"in-cell-link\" href=\"https:\/\/www.dhl.de\/de\/privatkunden\/pakete-versenden\/weltweit-versenden\/paket.html#laenderinformationen\" target=\"_blank\" rel=\"noopener\">Laufzeiten Weltpaket Premium.<\/a><\/span><\/p><p><span data-sheets-value=\"{&quot;1&quot;:2,&quot;2&quot;:&quot;W\u00e4hrend bestimmter Saison- und Urlaubszeiten kann es zu l\u00e4ngeren Lieferzeiten kommen. Janiser Probiotika werden bei Temperaturen \u00fcber 28 Grad in den Monaten Juni, Juli und August nicht ausgeliefert, da das die Bakterien sch\u00e4digen und damit das Produkt unwirksam machen w\u00fcrde.&quot;}\" data-sheets-userformat=\"{&quot;2&quot;:14913,&quot;3&quot;:{&quot;1&quot;:0},&quot;9&quot;:0,&quot;12&quot;:0,&quot;14&quot;:{&quot;1&quot;:2,&quot;2&quot;:0},&quot;15&quot;:&quot;Merriweather, serif&quot;,&quot;16&quot;:10}\">W\u00e4hrend bestimmter Saison- und Urlaubszeiten kann es zu l\u00e4ngeren Lieferzeiten kommen. Janiser\u00ae werden bei Temperaturen \u00fcber 28 Grad in den Monaten Juni, Juli und August nicht ausgeliefert, da das die Bakterien sch\u00e4digen und damit das Produkt unwirksam machen w\u00fcrde.<\/span><\/p><p><span data-sheets-value=\"{&quot;1&quot;:2,&quot;2&quot;:&quot;Bitte beachten Sie, dass an Sonn- und Feiertagen keine Zustellung erfolgt.&quot;}\" data-sheets-userformat=\"{&quot;2&quot;:14913,&quot;3&quot;:{&quot;1&quot;:0},&quot;9&quot;:0,&quot;12&quot;:0,&quot;14&quot;:{&quot;1&quot;:2,&quot;2&quot;:0},&quot;15&quot;:&quot;Merriweather, serif&quot;,&quot;16&quot;:10}\">Bitte beachten Sie, dass an Sonn- und Feiertagen keine Zustellung erfolgt.<\/span><\/p><p><strong>Versandkosten sonstige L\u00e4nder<\/strong><\/p><p><span data-sheets-value=\"{&quot;1&quot;:2,&quot;2&quot;:&quot;Die Versandkosten in die unten aufgef\u00fchrten L\u00e4nder betragen:&quot;}\" data-sheets-userformat=\"{&quot;2&quot;:14913,&quot;3&quot;:{&quot;1&quot;:0},&quot;9&quot;:0,&quot;12&quot;:0,&quot;14&quot;:{&quot;1&quot;:2,&quot;2&quot;:0},&quot;15&quot;:&quot;Merriweather, serif&quot;,&quot;16&quot;:10}\">Die Versandkosten in die unten aufgef\u00fchrten L\u00e4nder betragen:<\/span><\/p><table dir=\"ltr\" border=\"1\" cellspacing=\"0\" cellpadding=\"0\"><colgroup> <col width=\"319\" \/> <col width=\"150\" \/><\/colgroup><tbody><tr><td data-sheets-value=\"{&quot;1&quot;:2,&quot;2&quot;:&quot;VERSAND NACH&quot;}\">VERSAND NACH<\/td><td data-sheets-value=\"{&quot;1&quot;:2,&quot;2&quot;:&quot;PREIS\\n(pro Bestellung inkl.MwSt.)&quot;}\">PREIS (pro Bestellung inkl.MwSt.)<\/td><\/tr><tr><td data-sheets-value=\"{&quot;1&quot;:2,&quot;2&quot;:&quot;Andorra, Bulgarien, D\u00e4nemark (au\u00dfer F\u00e4r\u00f6er-Inseln, Gr\u00f6nland), Estland, Finnland (au\u00dfer Alandinseln),\\nGriechenland, Gro\u00dfbritannien (au\u00dfer Kanalinseln und Guernsey), Irland, Italien, Kroatien, Lettland, Liechtenstein,\\nLitauen, Luxemburg, Malta, Monaco, Polen, Portugal, Rum\u00e4nien, Schweden, Slowakei,\\nSlowenien, Spanien, Tschechische Republik, Ungarn, Vatikanstadt&quot;}\">Andorra, Bulgarien, D\u00e4nemark (au\u00dfer F\u00e4r\u00f6er-Inseln, Gr\u00f6nland), Estland, Finnland (au\u00dfer Alandinseln), Griechenland, Gro\u00dfbritannien (au\u00dfer Kanalinseln und Guernsey), Irland, Italien, Kroatien, Lettland, Liechtenstein, Litauen, Luxemburg, Malta, Monaco, Polen, Portugal, Rum\u00e4nien, Schweden, Slowakei, Slowenien, Spanien, Tschechische Republik, Ungarn, Vatikanstadt<\/td><td data-sheets-value=\"{&quot;1&quot;:3,&quot;3&quot;:16.9}\" data-sheets-numberformat=\"{&quot;1&quot;:4,&quot;2&quot;:&quot;\\&quot;\u20ac\\&quot;#,##0.00&quot;,&quot;3&quot;:1}\">\u20ac16,90<\/td><\/tr><tr><td data-sheets-value=\"{&quot;1&quot;:2,&quot;2&quot;:&quot;Albanien, Island, Republik Moldau, Montenegro, Norwegen, Serbien, Ukraine, Zypern&quot;}\">Albanien, Island, Republik Moldau, Montenegro, Norwegen, Serbien, Ukraine, Zypern<\/td><td data-sheets-value=\"{&quot;1&quot;:2,&quot;2&quot;:&quot;\u20ac 15,90 (bis 3kg)\\n\u20ac 27,90 (&gt;3kg)&quot;}\">\u20ac 15,90 (bis 3kg)<br \/>\u20ac 27,90 (&gt;3kg)<\/td><\/tr><tr><td data-sheets-value=\"{&quot;1&quot;:2,&quot;2&quot;:&quot;andere Weltregionen - bitte anfragen unter&quot;}\">andere Weltregionen &#8211; bitte anfragen unter<\/td><td data-sheets-value=\"{&quot;1&quot;:2,&quot;2&quot;:&quot;beratung@janiser.net&quot;}\">beratung@janiser.net<\/td><\/tr><\/tbody><\/table>\t\t\t\t\t\t\t\t<\/div>\n\t\t\t\t<\/div>\n\t\t\t\t\t<\/div>\n\t\t<\/div>\n\t\t\t\t\t<\/div>\n\t\t<\/section>\n\t\t\t\t<\/div>\n\t\t","protected":false},"excerpt":{"rendered":"<p>ZAHLUNG UND VERSAND IHRE ZAHLUNG Bei Lieferungen im Inland (Schweiz) haben Sie folgende Zahlungsm\u00f6glichkeiten: Vorkasse per \u00dcberweisung Bei Lieferungen ins Ausland haben Sie folgende Zahlungsm\u00f6glichkeiten: Vorkasse per \u00dcberweisung UNSERE ZAHLUNG Provisionszahlungen im Inland (Schweiz) und Ausland \u00fcberweisen wir auf das von Ihnen im Webbackoffice aufgef\u00fchrten Konto, das mit der IBAN- und BIC Nummer angelegt wurde. [&hellip;]<\/p>\n","protected":false},"author":1,"featured_media":0,"parent":0,"menu_order":0,"comment_status":"closed","ping_status":"closed","template":"","meta":{"site-sidebar-layout":"default","site-content-layout":"","ast-site-content-layout":"default","site-content-style":"default","site-sidebar-style":"default","ast-global-header-display":"","ast-banner-title-visibility":"","ast-main-header-display":"","ast-hfb-above-header-display":"","ast-hfb-below-header-display":"","ast-hfb-mobile-header-display":"","site-post-title":"disabled","ast-breadcrumbs-content":"","ast-featured-img":"","footer-sml-layout":"","ast-disable-related-posts":"","theme-transparent-header-meta":"","adv-header-id-meta":"","stick-header-meta":"","header-above-stick-meta":"","header-main-stick-meta":"","header-below-stick-meta":"","astra-migrate-meta-layouts":"default","ast-page-background-enabled":"default","ast-page-background-meta":{"desktop":{"background-color":"var(--ast-global-color-4)","background-image":"","background-repeat":"repeat","background-position":"center center","background-size":"auto","background-attachment":"scroll","background-type":"","background-media":"","overlay-type":"","overlay-color":"","overlay-opacity":"","overlay-gradient":""},"tablet":{"background-color":"","background-image":"","background-repeat":"repeat","background-position":"center center","background-size":"auto","background-attachment":"scroll","background-type":"","background-media":"","overlay-type":"","overlay-color":"","overlay-opacity":"","overlay-gradient":""},"mobile":{"background-color":"","background-image":"","background-repeat":"repeat","background-position":"center center","background-size":"auto","background-attachment":"scroll","background-type":"","background-media":"","overlay-type":"","overlay-color":"","overlay-opacity":"","overlay-gradient":""}},"ast-content-background-meta":{"desktop":{"background-color":"var(--ast-global-color-5)","background-image":"","background-repeat":"repeat","background-position":"center center","background-size":"auto","background-attachment":"scroll","background-type":"","background-media":"","overlay-type":"","overlay-color":"","overlay-opacity":"","overlay-gradient":""},"tablet":{"background-color":"var(--ast-global-color-5)","background-image":"","background-repeat":"repeat","background-position":"center center","background-size":"auto","background-attachment":"scroll","background-type":"","background-media":"","overlay-type":"","overlay-color":"","overlay-opacity":"","overlay-gradient":""},"mobile":{"background-color":"var(--ast-global-color-5)","background-image":"","background-repeat":"repeat","background-position":"center center","background-size":"auto","background-attachment":"scroll","background-type":"","background-media":"","overlay-type":"","overlay-color":"","overlay-opacity":"","overlay-gradient":""}},"footnotes":""},"class_list":["post-910","page","type-page","status-publish","hentry"],"yoast_head":"<!-- This site is optimized with the Yoast SEO plugin v27.4 - https:\/\/yoast.com\/product\/yoast-seo-wordpress\/ -->\n<title>Zahlung und Versand - Janiser\u00ae<\/title>\n<meta name=\"robots\" content=\"index, follow, max-snippet:-1, max-image-preview:large, max-video-preview:-1\" \/>\n<link rel=\"canonical\" href=\"https:\/\/janiser.net\/en\/zahlung-und-versand\/\" \/>\n<meta property=\"og:locale\" content=\"en_GB\" \/>\n<meta property=\"og:type\" content=\"article\" \/>\n<meta property=\"og:title\" content=\"Zahlung und Versand - Janiser\u00ae\" \/>\n<meta property=\"og:description\" content=\"ZAHLUNG UND VERSAND IHRE ZAHLUNG Bei Lieferungen im Inland (Schweiz) haben Sie folgende Zahlungsm\u00f6glichkeiten: Vorkasse per \u00dcberweisung Bei Lieferungen ins Ausland haben Sie folgende Zahlungsm\u00f6glichkeiten: Vorkasse per \u00dcberweisung UNSERE ZAHLUNG Provisionszahlungen im Inland (Schweiz) und Ausland \u00fcberweisen wir auf das von Ihnen im Webbackoffice aufgef\u00fchrten Konto, das mit der IBAN- und BIC Nummer angelegt wurde. [&hellip;]\" \/>\n<meta property=\"og:url\" content=\"https:\/\/janiser.net\/en\/zahlung-und-versand\/\" \/>\n<meta property=\"og:site_name\" content=\"Janiser\u00ae\" \/>\n<meta property=\"article:modified_time\" content=\"2024-10-28T10:31:17+00:00\" \/>\n<meta name=\"twitter:card\" content=\"summary_large_image\" \/>\n<meta name=\"twitter:label1\" content=\"Estimated reading time\" \/>\n\t<meta name=\"twitter:data1\" content=\"3 minutes\" \/>\n<script type=\"application\/ld+json\" class=\"yoast-schema-graph\">{\"@context\":\"https:\\\/\\\/schema.org\",\"@graph\":[{\"@type\":\"WebPage\",\"@id\":\"https:\\\/\\\/janiser.net\\\/zahlung-und-versand\\\/\",\"url\":\"https:\\\/\\\/janiser.net\\\/zahlung-und-versand\\\/\",\"name\":\"Zahlung und Versand - Janiser\u00ae\",\"isPartOf\":{\"@id\":\"https:\\\/\\\/janiser.net\\\/#website\"},\"datePublished\":\"2023-08-22T09:27:55+00:00\",\"dateModified\":\"2024-10-28T10:31:17+00:00\",\"breadcrumb\":{\"@id\":\"https:\\\/\\\/janiser.net\\\/zahlung-und-versand\\\/#breadcrumb\"},\"inLanguage\":\"en-GB\",\"potentialAction\":[{\"@type\":\"ReadAction\",\"target\":[\"https:\\\/\\\/janiser.net\\\/zahlung-und-versand\\\/\"]}]},{\"@type\":\"BreadcrumbList\",\"@id\":\"https:\\\/\\\/janiser.net\\\/zahlung-und-versand\\\/#breadcrumb\",\"itemListElement\":[{\"@type\":\"ListItem\",\"position\":1,\"name\":\"Home\",\"item\":\"https:\\\/\\\/janiser.net\\\/\"},{\"@type\":\"ListItem\",\"position\":2,\"name\":\"Zahlung und Versand\"}]},{\"@type\":\"WebSite\",\"@id\":\"https:\\\/\\\/janiser.net\\\/#website\",\"url\":\"https:\\\/\\\/janiser.net\\\/\",\"name\":\"Janiser\u00ae\",\"description\":\"Die lebendige Natur Amazoniens\",\"publisher\":{\"@id\":\"https:\\\/\\\/janiser.net\\\/#organization\"},\"potentialAction\":[{\"@type\":\"SearchAction\",\"target\":{\"@type\":\"EntryPoint\",\"urlTemplate\":\"https:\\\/\\\/janiser.net\\\/?s={search_term_string}\"},\"query-input\":{\"@type\":\"PropertyValueSpecification\",\"valueRequired\":true,\"valueName\":\"search_term_string\"}}],\"inLanguage\":\"en-GB\"},{\"@type\":\"Organization\",\"@id\":\"https:\\\/\\\/janiser.net\\\/#organization\",\"name\":\"Janiser\u00ae\",\"url\":\"https:\\\/\\\/janiser.net\\\/\",\"logo\":{\"@type\":\"ImageObject\",\"inLanguage\":\"en-GB\",\"@id\":\"https:\\\/\\\/janiser.net\\\/#\\\/schema\\\/logo\\\/image\\\/\",\"url\":\"https:\\\/\\\/janiser.net\\\/wp-content\\\/uploads\\\/2023\\\/07\\\/janiser_logo-2.svg\",\"contentUrl\":\"https:\\\/\\\/janiser.net\\\/wp-content\\\/uploads\\\/2023\\\/07\\\/janiser_logo-2.svg\",\"width\":119,\"height\":140,\"caption\":\"Janiser\u00ae\"},\"image\":{\"@id\":\"https:\\\/\\\/janiser.net\\\/#\\\/schema\\\/logo\\\/image\\\/\"}}]}<\/script>\n<!-- \/ Yoast SEO plugin. -->","yoast_head_json":{"title":"Zahlung und Versand - Janiser\u00ae","robots":{"index":"index","follow":"follow","max-snippet":"max-snippet:-1","max-image-preview":"max-image-preview:large","max-video-preview":"max-video-preview:-1"},"canonical":"https:\/\/janiser.net\/en\/zahlung-und-versand\/","og_locale":"en_GB","og_type":"article","og_title":"Zahlung und Versand - Janiser\u00ae","og_description":"ZAHLUNG UND VERSAND IHRE ZAHLUNG Bei Lieferungen im Inland (Schweiz) haben Sie folgende Zahlungsm\u00f6glichkeiten: Vorkasse per \u00dcberweisung Bei Lieferungen ins Ausland haben Sie folgende Zahlungsm\u00f6glichkeiten: Vorkasse per \u00dcberweisung UNSERE ZAHLUNG Provisionszahlungen im Inland (Schweiz) und Ausland \u00fcberweisen wir auf das von Ihnen im Webbackoffice aufgef\u00fchrten Konto, das mit der IBAN- und BIC Nummer angelegt wurde. [&hellip;]","og_url":"https:\/\/janiser.net\/en\/zahlung-und-versand\/","og_site_name":"Janiser\u00ae","article_modified_time":"2024-10-28T10:31:17+00:00","twitter_card":"summary_large_image","twitter_misc":{"Estimated reading time":"3 minutes"},"schema":{"@context":"https:\/\/schema.org","@graph":[{"@type":"WebPage","@id":"https:\/\/janiser.net\/zahlung-und-versand\/","url":"https:\/\/janiser.net\/zahlung-und-versand\/","name":"Zahlung und Versand - Janiser\u00ae","isPartOf":{"@id":"https:\/\/janiser.net\/#website"},"datePublished":"2023-08-22T09:27:55+00:00","dateModified":"2024-10-28T10:31:17+00:00","breadcrumb":{"@id":"https:\/\/janiser.net\/zahlung-und-versand\/#breadcrumb"},"inLanguage":"en-GB","potentialAction":[{"@type":"ReadAction","target":["https:\/\/janiser.net\/zahlung-und-versand\/"]}]},{"@type":"BreadcrumbList","@id":"https:\/\/janiser.net\/zahlung-und-versand\/#breadcrumb","itemListElement":[{"@type":"ListItem","position":1,"name":"Home","item":"https:\/\/janiser.net\/"},{"@type":"ListItem","position":2,"name":"Zahlung und Versand"}]},{"@type":"WebSite","@id":"https:\/\/janiser.net\/#website","url":"https:\/\/janiser.net\/","name":"Janiser\u00ae","description":"Die lebendige Natur Amazoniens","publisher":{"@id":"https:\/\/janiser.net\/#organization"},"potentialAction":[{"@type":"SearchAction","target":{"@type":"EntryPoint","urlTemplate":"https:\/\/janiser.net\/?s={search_term_string}"},"query-input":{"@type":"PropertyValueSpecification","valueRequired":true,"valueName":"search_term_string"}}],"inLanguage":"en-GB"},{"@type":"Organization","@id":"https:\/\/janiser.net\/#organization","name":"Janiser\u00ae","url":"https:\/\/janiser.net\/","logo":{"@type":"ImageObject","inLanguage":"en-GB","@id":"https:\/\/janiser.net\/#\/schema\/logo\/image\/","url":"https:\/\/janiser.net\/wp-content\/uploads\/2023\/07\/janiser_logo-2.svg","contentUrl":"https:\/\/janiser.net\/wp-content\/uploads\/2023\/07\/janiser_logo-2.svg","width":119,"height":140,"caption":"Janiser\u00ae"},"image":{"@id":"https:\/\/janiser.net\/#\/schema\/logo\/image\/"}}]}},"_links":{"self":[{"href":"https:\/\/janiser.net\/en\/wp-json\/wp\/v2\/pages\/910","targetHints":{"allow":["GET"]}}],"collection":[{"href":"https:\/\/janiser.net\/en\/wp-json\/wp\/v2\/pages"}],"about":[{"href":"https:\/\/janiser.net\/en\/wp-json\/wp\/v2\/types\/page"}],"author":[{"embeddable":true,"href":"https:\/\/janiser.net\/en\/wp-json\/wp\/v2\/users\/1"}],"replies":[{"embeddable":true,"href":"https:\/\/janiser.net\/en\/wp-json\/wp\/v2\/comments?post=910"}],"version-history":[{"count":56,"href":"https:\/\/janiser.net\/en\/wp-json\/wp\/v2\/pages\/910\/revisions"}],"predecessor-version":[{"id":1757,"href":"https:\/\/janiser.net\/en\/wp-json\/wp\/v2\/pages\/910\/revisions\/1757"}],"wp:attachment":[{"href":"https:\/\/janiser.net\/en\/wp-json\/wp\/v2\/media?parent=910"}],"curies":[{"name":"wp","href":"https:\/\/api.w.org\/{rel}","templated":true}]}}